{"id":7615,"date":"2024-04-11T15:53:51","date_gmt":"2024-04-11T13:53:51","guid":{"rendered":"https:\/\/www.poble.totlocal.cat\/?page_id=7615"},"modified":"2024-04-11T17:49:17","modified_gmt":"2024-04-11T15:49:17","slug":"mostra-muestra","status":"publish","type":"page","link":"https:\/\/www.poble.totlocal.cat\/es\/mostra-muestra\/","title":{"rendered":"Mostra &#8211; Muestra"},"content":{"rendered":"<div class=\"wpb-content-wrapper\"><section class=\"vc_section vc_custom_1712850436292 vc_section-has-fill vc_row-o-full-height wd-rs-66180603cb805 wd-section-stretch-content\"><div class=\"vc_row wpb_row vc_row-fluid vc_custom_1712849522296 vc_row-has-fill vc_row-o-equal-height vc_row-o-content-middle vc_row-flex wd-disable-overflow wd-rs-6618026c88093\"><div class=\"wpb_column vc_column_container vc_col-sm-7 vc_col-lg-7 vc_col-has-fill wd-enabled-flex wd-bg-right-center wd-rs-6617f9038cd17\"><div class=\"vc_column-inner vc_custom_1712847110959\"><div class=\"wpb_wrapper\">\t\t<div id=\"wd-66180534723c7\" class=\"wd-image wd-wpb wd-rs-66180534723c7 text-center vc_custom_1712850230974\">\n\t\t\t\n\t\t\t<img decoding=\"async\" width=\"1580\" height=\"1290\" data-src=\"https:\/\/www.poble.totlocal.cat\/wp-content\/uploads\/2024\/04\/img-de-esto-a-esto2.jpg\" class=\"attachment-full size-full lazyload\" alt=\"\" data-srcset=\"https:\/\/www.poble.totlocal.cat\/wp-content\/uploads\/2024\/04\/img-de-esto-a-esto2.jpg 1580w, https:\/\/www.poble.totlocal.cat\/wp-content\/uploads\/2024\/04\/img-de-esto-a-esto2-300x245.jpg 300w, https:\/\/www.poble.totlocal.cat\/wp-content\/uploads\/2024\/04\/img-de-esto-a-esto2-1024x836.jpg 1024w, https:\/\/www.poble.totlocal.cat\/wp-content\/uploads\/2024\/04\/img-de-esto-a-esto2-768x627.jpg 768w, https:\/\/www.poble.totlocal.cat\/wp-content\/uploads\/2024\/04\/img-de-esto-a-esto2-1536x1254.jpg 1536w, https:\/\/www.poble.totlocal.cat\/wp-content\/uploads\/2024\/04\/img-de-esto-a-esto2-15x12.jpg 15w, https:\/\/www.poble.totlocal.cat\/wp-content\/uploads\/2024\/04\/img-de-esto-a-esto2-600x490.jpg 600w, https:\/\/www.poble.totlocal.cat\/wp-content\/uploads\/2024\/04\/img-de-esto-a-esto2-150x122.jpg 150w\" data-sizes=\"(max-width: 1580px) 100vw, 1580px\" src=\"data:image\/svg+xml;base64,PHN2ZyB3aWR0aD0iMSIgaGVpZ2h0PSIxIiB4bWxucz0iaHR0cDovL3d3dy53My5vcmcvMjAwMC9zdmciPjwvc3ZnPg==\" style=\"--smush-placeholder-width: 1580px; --smush-placeholder-aspect-ratio: 1580\/1290;\" \/>\n\t\t\t\t\t<\/div>\n\t\t<\/div><\/div><\/div><div class=\"wpb_column vc_column_container vc_col-sm-12 vc_col-lg-5 wd-enabled-flex wd-rs-66180225aefc8\"><div class=\"vc_column-inner vc_custom_1712849446009\"><div class=\"wpb_wrapper\">\t\t<div id=\"wd-6617ebdfbcf28\" class=\"wd-image wd-wpb wd-rs-6617ebdfbcf28 text-center vc_custom_1712843749459\">\n\t\t\t\n\t\t\t<img decoding=\"async\" width=\"3000\" height=\"800\" data-src=\"https:\/\/www.poble.totlocal.cat\/wp-content\/uploads\/2024\/04\/LOGO-FINAL-Tot-Local.png\" class=\"attachment-full size-full lazyload\" alt=\"\" data-srcset=\"https:\/\/www.poble.totlocal.cat\/wp-content\/uploads\/2024\/04\/LOGO-FINAL-Tot-Local.png 3000w, https:\/\/www.poble.totlocal.cat\/wp-content\/uploads\/2024\/04\/LOGO-FINAL-Tot-Local-300x80.png 300w, https:\/\/www.poble.totlocal.cat\/wp-content\/uploads\/2024\/04\/LOGO-FINAL-Tot-Local-1024x273.png 1024w, https:\/\/www.poble.totlocal.cat\/wp-content\/uploads\/2024\/04\/LOGO-FINAL-Tot-Local-768x205.png 768w, https:\/\/www.poble.totlocal.cat\/wp-content\/uploads\/2024\/04\/LOGO-FINAL-Tot-Local-1536x410.png 1536w, https:\/\/www.poble.totlocal.cat\/wp-content\/uploads\/2024\/04\/LOGO-FINAL-Tot-Local-2048x546.png 2048w\" data-sizes=\"(max-width: 3000px) 100vw, 3000px\" src=\"data:image\/svg+xml;base64,PHN2ZyB3aWR0aD0iMSIgaGVpZ2h0PSIxIiB4bWxucz0iaHR0cDovL3d3dy53My5vcmcvMjAwMC9zdmciPjwvc3ZnPg==\" style=\"--smush-placeholder-width: 3000px; --smush-placeholder-aspect-ratio: 3000\/800;\" \/>\n\t\t\t\t\t<\/div>\n\t\t\n\t\t<div id=\"wd-6617fb85606a7\" class=\"title-wrapper wd-wpb wd-set-mb reset-last-child  wd-rs-6617fb85606a7 wd-title-color-default wd-title-style-default text-center  wd-width-custom wd-title-empty wd-underline-colored\">\n\t\t\t\n\t\t\t<div class=\"liner-continer\">\n\t\t\t\t<h4 class=\"woodmart-title-container title  wd-font-weight- wd-fontsize-xl\" ><\/h4>\n\t\t\t\t\t\t\t<\/div>\n\t\t\t\n\t\t\t\t\t\t\t<div class=\"title-after_title reset-last-child  wd-fontsize-s\">Si, claro que si se puede revertir la tendencia de persianas bajadas, servicios profesionales desconocidos, empresas que ni saben las tienen en su localidad ...<\/p>\n<p>Por todo ello surge este proyecto, donde se convierte en un punto de encuentro digital, debidamente actualizado cada quincena, dise\u00f1o f\u00e1cil de entender y hacer funcionar (sin florituras, directo al grano), apto para todas las edades que hoy d\u00eda manejan, bien o mal pero acaban haci\u00e9ndolo, los m\u00f3viles, tus futuros clientes locales.<\/div>\n\t\t\t\n\t\t\t\n\t\t<\/div>\n\t\t\n\t\t<div class=\"vc_row wpb_row vc_inner vc_row-fluid vc_custom_1712848384730 vc_row-o-content-middle vc_row-flex wd-rs-6617fdfcc65db\"><div class=\"wpb_column vc_column_container vc_col-sm-6 wd-enabled-flex wd-rs-64997f8ad589e\"><div class=\"vc_column-inner vc_custom_1687781268245\"><div class=\"wpb_wrapper\">\t\t<div id=\"wd-6617fe3a1f32e\" class=\"wd-image wd-wpb wd-rs-6617fe3a1f32e text-center vc_custom_1712848449337 photoswipe-images\">\n\t\t\t\t\t\t\t<a href=\"https:\/\/www.poble.totlocal.cat\/wp-content\/uploads\/2024\/04\/e1.png\"  data-width=\"1920\" data-height=\"1055\">\n\t\t\t\n\t\t\t<img decoding=\"async\" width=\"1920\" height=\"1055\" data-src=\"https:\/\/www.poble.totlocal.cat\/wp-content\/uploads\/2024\/04\/e1.png\" class=\"attachment-full size-full lazyload\" alt=\"\" data-srcset=\"https:\/\/www.poble.totlocal.cat\/wp-content\/uploads\/2024\/04\/e1.png 1920w, https:\/\/www.poble.totlocal.cat\/wp-content\/uploads\/2024\/04\/e1-300x165.png 300w, https:\/\/www.poble.totlocal.cat\/wp-content\/uploads\/2024\/04\/e1-1024x563.png 1024w, https:\/\/www.poble.totlocal.cat\/wp-content\/uploads\/2024\/04\/e1-768x422.png 768w, https:\/\/www.poble.totlocal.cat\/wp-content\/uploads\/2024\/04\/e1-1536x844.png 1536w, https:\/\/www.poble.totlocal.cat\/wp-content\/uploads\/2024\/04\/e1-18x10.png 18w, https:\/\/www.poble.totlocal.cat\/wp-content\/uploads\/2024\/04\/e1-600x330.png 600w, https:\/\/www.poble.totlocal.cat\/wp-content\/uploads\/2024\/04\/e1-150x82.png 150w\" data-sizes=\"(max-width: 1920px) 100vw, 1920px\" src=\"data:image\/svg+xml;base64,PHN2ZyB3aWR0aD0iMSIgaGVpZ2h0PSIxIiB4bWxucz0iaHR0cDovL3d3dy53My5vcmcvMjAwMC9zdmciPjwvc3ZnPg==\" style=\"--smush-placeholder-width: 1920px; --smush-placeholder-aspect-ratio: 1920\/1055;\" \/>\n\t\t\t\t\t\t\t<\/a>\n\t\t\t\t\t<\/div>\n\t\t<\/div><\/div><\/div><div class=\"wpb_column vc_column_container vc_col-sm-6 wd-enabled-flex wd-rs-6499801f9807e\"><div class=\"vc_column-inner vc_custom_1687781413787\"><div class=\"wpb_wrapper\">\t\t<div id=\"wd-6617fe4c0b386\" class=\"wd-image wd-wpb wd-rs-6617fe4c0b386 text-center vc_custom_1712848467026 photoswipe-images\">\n\t\t\t\t\t\t\t<a href=\"https:\/\/www.poble.totlocal.cat\/wp-content\/uploads\/2024\/04\/i7.png\"  data-width=\"1920\" data-height=\"1741\">\n\t\t\t\n\t\t\t<img decoding=\"async\" width=\"1920\" height=\"1741\" data-src=\"https:\/\/www.poble.totlocal.cat\/wp-content\/uploads\/2024\/04\/i7.png\" class=\"attachment-full size-full lazyload\" alt=\"\" data-srcset=\"https:\/\/www.poble.totlocal.cat\/wp-content\/uploads\/2024\/04\/i7.png 1920w, https:\/\/www.poble.totlocal.cat\/wp-content\/uploads\/2024\/04\/i7-300x272.png 300w, https:\/\/www.poble.totlocal.cat\/wp-content\/uploads\/2024\/04\/i7-1024x929.png 1024w, https:\/\/www.poble.totlocal.cat\/wp-content\/uploads\/2024\/04\/i7-768x696.png 768w, https:\/\/www.poble.totlocal.cat\/wp-content\/uploads\/2024\/04\/i7-1536x1393.png 1536w, https:\/\/www.poble.totlocal.cat\/wp-content\/uploads\/2024\/04\/i7-13x12.png 13w, https:\/\/www.poble.totlocal.cat\/wp-content\/uploads\/2024\/04\/i7-600x544.png 600w, https:\/\/www.poble.totlocal.cat\/wp-content\/uploads\/2024\/04\/i7-150x136.png 150w\" data-sizes=\"(max-width: 1920px) 100vw, 1920px\" src=\"data:image\/svg+xml;base64,PHN2ZyB3aWR0aD0iMSIgaGVpZ2h0PSIxIiB4bWxucz0iaHR0cDovL3d3dy53My5vcmcvMjAwMC9zdmciPjwvc3ZnPg==\" style=\"--smush-placeholder-width: 1920px; --smush-placeholder-aspect-ratio: 1920\/1741;\" \/>\n\t\t\t\t\t\t\t<\/a>\n\t\t\t\t\t<\/div>\n\t\t<\/div><\/div><\/div><\/div>\n\t<div class=\"wpb_text_column wpb_content_element\" >\n\t\t<div class=\"wpb_wrapper\">\n\t\t\t<p><a href=\"https:\/\/wa.me\/93670550495\" target=\"_blank\" rel=\"noopener\"><img decoding=\"async\" class=\"size-full wp-image-7516 aligncenter lazyload\" data-src=\"https:\/\/www.poble.totlocal.cat\/wp-content\/uploads\/2024\/03\/icono2.png\" alt=\"\" width=\"63\" height=\"63\" data-srcset=\"https:\/\/www.poble.totlocal.cat\/wp-content\/uploads\/2024\/03\/icono2.png 63w, https:\/\/www.poble.totlocal.cat\/wp-content\/uploads\/2024\/03\/icono2-60x60.png 60w\" data-sizes=\"(max-width: 63px) 100vw, 63px\" src=\"data:image\/svg+xml;base64,PHN2ZyB3aWR0aD0iMSIgaGVpZ2h0PSIxIiB4bWxucz0iaHR0cDovL3d3dy53My5vcmcvMjAwMC9zdmciPjwvc3ZnPg==\" style=\"--smush-placeholder-width: 63px; --smush-placeholder-aspect-ratio: 63\/63;\" \/><\/a><\/p>\n\n\t\t<\/div>\n\t<\/div>\n\t\t<div id=\"wd-6618016ed2a36\" class=\"wd-image wd-wpb wd-rs-6618016ed2a36 hidden-md hidden-sm hidden-xs text-left vc_custom_1712849265625 inline-element\">\n\t\t\t\n\t\t\t<img decoding=\"async\" width=\"70\" height=\"40\" data-src=\"https:\/\/www.poble.totlocal.cat\/wp-content\/uploads\/2024\/04\/wd-vgs-sw-j-stroke-w-70x40.png\" class=\"attachment-70x40 size-70x40 lazyload\" alt=\"\" data-srcset=\"https:\/\/www.poble.totlocal.cat\/wp-content\/uploads\/2024\/04\/wd-vgs-sw-j-stroke-w.png 70w, https:\/\/www.poble.totlocal.cat\/wp-content\/uploads\/2024\/04\/wd-vgs-sw-j-stroke-w-18x10.png 18w\" data-sizes=\"(max-width: 70px) 100vw, 70px\" src=\"data:image\/svg+xml;base64,PHN2ZyB3aWR0aD0iMSIgaGVpZ2h0PSIxIiB4bWxucz0iaHR0cDovL3d3dy53My5vcmcvMjAwMC9zdmciPjwvc3ZnPg==\" style=\"--smush-placeholder-width: 70px; --smush-placeholder-aspect-ratio: 70\/40;\" \/>\n\t\t\t\t\t<\/div>\n\t\t<div id=\"wd-66180093bb66c\" class=\"wd-rs-66180093bb66c vc_custom_1712849044775 wd-button-wrapper text-center inline-element\"><a href=\"mailto:hola@totlocal.cat\" title=\"\" class=\"btn btn-color-primary btn-style-default btn-shape-round btn-size-large\">hola@totlocal.cat<\/a><\/div>\t\t<div id=\"wd-6618017cba66f\" class=\"wd-image wd-wpb wd-rs-6618017cba66f hidden-md hidden-sm hidden-xs text-left vc_custom_1712849278337 inline-element\">\n\t\t\t\n\t\t\t<img decoding=\"async\" width=\"70\" height=\"40\" data-src=\"https:\/\/www.poble.totlocal.cat\/wp-content\/uploads\/2024\/04\/wd-vgs-sw-j-stroke-right-70x40.png\" class=\"attachment-70x40 size-70x40 lazyload\" alt=\"\" data-srcset=\"https:\/\/www.poble.totlocal.cat\/wp-content\/uploads\/2024\/04\/wd-vgs-sw-j-stroke-right.png 70w, https:\/\/www.poble.totlocal.cat\/wp-content\/uploads\/2024\/04\/wd-vgs-sw-j-stroke-right-18x10.png 18w\" data-sizes=\"(max-width: 70px) 100vw, 70px\" src=\"data:image\/svg+xml;base64,PHN2ZyB3aWR0aD0iMSIgaGVpZ2h0PSIxIiB4bWxucz0iaHR0cDovL3d3dy53My5vcmcvMjAwMC9zdmciPjwvc3ZnPg==\" style=\"--smush-placeholder-width: 70px; --smush-placeholder-aspect-ratio: 70\/40;\" \/>\n\t\t\t\t\t<\/div>\n\t\t<\/div><\/div><\/div><\/div><\/section>\n<\/div>","protected":false},"excerpt":{"rendered":"Si, claro que si se puede revertir la tendencia de persianas bajadas, servicios profesionales desconocidos, empresas que ni saben las","protected":false},"author":1,"featured_media":0,"parent":0,"menu_order":0,"comment_status":"closed","ping_status":"closed","template":"","meta":{"footnotes":""},"class_list":["post-7615","page","type-page","status-publish","hentry"],"_links":{"self":[{"href":"https:\/\/www.poble.totlocal.cat\/es\/wp-json\/wp\/v2\/pages\/7615","targetHints":{"allow":["GET"]}}],"collection":[{"href":"https:\/\/www.poble.totlocal.cat\/es\/wp-json\/wp\/v2\/pages"}],"about":[{"href":"https:\/\/www.poble.totlocal.cat\/es\/wp-json\/wp\/v2\/types\/page"}],"author":[{"embeddable":true,"href":"https:\/\/www.poble.totlocal.cat\/es\/wp-json\/wp\/v2\/users\/1"}],"replies":[{"embeddable":true,"href":"https:\/\/www.poble.totlocal.cat\/es\/wp-json\/wp\/v2\/comments?post=7615"}],"version-history":[{"count":18,"href":"https:\/\/www.poble.totlocal.cat\/es\/wp-json\/wp\/v2\/pages\/7615\/revisions"}],"predecessor-version":[{"id":7624,"href":"https:\/\/www.poble.totlocal.cat\/es\/wp-json\/wp\/v2\/pages\/7615\/revisions\/7624"}],"wp:attachment":[{"href":"https:\/\/www.poble.totlocal.cat\/es\/wp-json\/wp\/v2\/media?parent=7615"}],"curies":[{"name":"wp","href":"https:\/\/api.w.org\/{rel}","templated":true}]}}